{"id":1169,"date":"2018-10-10T15:15:39","date_gmt":"2018-10-10T13:15:39","guid":{"rendered":"http:\/\/wp2018.3s-antriebe.de\/?page_id=1169"},"modified":"2023-11-07T13:51:23","modified_gmt":"2023-11-07T12:51:23","slug":"referenzen-publikationen","status":"publish","type":"page","link":"https:\/\/www.3s-antriebe.de\/en\/ueber-uns\/referenzen-publikationen\/","title":{"rendered":"References \/ Publications"},"content":{"rendered":"<div data-elementor-type=\"wp-post\" data-elementor-id=\"1169\" class=\"elementor elementor-1169\">\n\t\t\t\t\t\t<section class=\"elementor-section elementor-top-section elementor-element elementor-element-57a3610 elementor-section-full_width elementor-section-height-default elementor-section-height-default\" data-id=\"57a3610\" data-element_type=\"section\" data-e-type=\"section\">\n\t\t\t\t\t\t<div class=\"elementor-container elementor-column-gap-default\">\n\t\t\t\t\t<div class=\"elementor-column elementor-col-100 elementor-top-column elementor-element elementor-element-cb85c08\" data-id=\"cb85c08\" data-element_type=\"column\" data-e-type=\"column\">\n\t\t\t<div class=\"elementor-widget-wrap elementor-element-populated\">\n\t\t\t\t\t\t<div class=\"elementor-element elementor-element-fc370d1 elementor-widget elementor-widget-image-carousel\" data-id=\"fc370d1\" data-element_type=\"widget\" data-e-type=\"widget\" data-settings=\"{&quot;slides_to_show&quot;:&quot;1&quot;,&quot;navigation&quot;:&quot;none&quot;,&quot;autoplay&quot;:&quot;yes&quot;,&quot;pause_on_hover&quot;:&quot;yes&quot;,&quot;pause_on_interaction&quot;:&quot;yes&quot;,&quot;autoplay_speed&quot;:5000,&quot;infinite&quot;:&quot;yes&quot;,&quot;effect&quot;:&quot;slide&quot;,&quot;speed&quot;:500}\" data-widget_type=\"image-carousel.default\">\n\t\t\t\t<div class=\"elementor-widget-container\">\n\t\t\t\t\t\t\t<div class=\"elementor-image-carousel-wrapper swiper\" role=\"region\" aria-roledescription=\"carousel\" aria-label=\"Bild Karussell\" dir=\"ltr\">\n\t\t\t<div class=\"elementor-image-carousel swiper-wrapper\" aria-live=\"off\">\n\t\t\t\t\t\t\t\t<div class=\"swiper-slide\" role=\"group\" aria-roledescription=\"slide\" aria-label=\"1 von 1\"><figure class=\"swiper-slide-inner\"><img decoding=\"async\" class=\"swiper-slide-image\" src=\"https:\/\/www.3s-antriebe.de\/wp-content\/uploads\/elementor\/thumbs\/Bannerklein-nz1x3dzkpo0u2nghdymkhuvnvo508tisqyuy4ce6u2.png\" alt=\"Bannerklein\" \/><\/figure><\/div>\t\t\t<\/div>\n\t\t\t\t\t<\/div>\n\t\t\t\t\t\t<\/div>\n\t\t\t\t<\/div>\n\t\t\t\t\t<\/div>\n\t\t<\/div>\n\t\t\t\t\t<\/div>\n\t\t<\/section>\n\t\t\t\t<section class=\"elementor-section elementor-top-section elementor-element elementor-element-0494a22 elementor-section-boxed elementor-section-height-default elementor-section-height-default\" data-id=\"0494a22\" data-element_type=\"section\" data-e-type=\"section\">\n\t\t\t\t\t\t<div class=\"elementor-container elementor-column-gap-default\">\n\t\t\t\t\t<div class=\"elementor-column elementor-col-100 elementor-top-column elementor-element elementor-element-ad04c3c\" data-id=\"ad04c3c\" data-element_type=\"column\" data-e-type=\"column\">\n\t\t\t<div class=\"elementor-widget-wrap elementor-element-populated\">\n\t\t\t\t\t\t<div class=\"elementor-element elementor-element-7c4895c elementor-widget elementor-widget-heading\" data-id=\"7c4895c\" data-element_type=\"widget\" data-e-type=\"widget\" data-widget_type=\"heading.default\">\n\t\t\t\t<div class=\"elementor-widget-container\">\n\t\t\t\t\t<h1 class=\"elementor-heading-title elementor-size-default\">References<\/h1>\t\t\t\t<\/div>\n\t\t\t\t<\/div>\n\t\t\t\t\t<\/div>\n\t\t<\/div>\n\t\t\t\t\t<\/div>\n\t\t<\/section>\n\t\t\t\t<section class=\"elementor-section elementor-top-section elementor-element elementor-element-9a0868b elementor-section-boxed elementor-section-height-default elementor-section-height-default\" data-id=\"9a0868b\" data-element_type=\"section\" data-e-type=\"section\" data-settings=\"{&quot;background_background&quot;:&quot;classic&quot;}\">\n\t\t\t\t\t\t<div class=\"elementor-container elementor-column-gap-default\">\n\t\t\t\t\t<div class=\"elementor-column elementor-col-100 elementor-top-column elementor-element elementor-element-b420ff8\" data-id=\"b420ff8\" data-element_type=\"column\" data-e-type=\"column\">\n\t\t\t<div class=\"elementor-widget-wrap elementor-element-populated\">\n\t\t\t\t\t\t<div class=\"elementor-element elementor-element-24f5837 elementor-widget-divider--view-line elementor-widget elementor-widget-divider\" data-id=\"24f5837\" data-element_type=\"widget\" data-e-type=\"widget\" data-widget_type=\"divider.default\">\n\t\t\t\t<div class=\"elementor-widget-container\">\n\t\t\t\t\t\t\t<div class=\"elementor-divider\">\n\t\t\t<span class=\"elementor-divider-separator\">\n\t\t\t\t\t\t<\/span>\n\t\t<\/div>\n\t\t\t\t\t\t<\/div>\n\t\t\t\t<\/div>\n\t\t\t\t\t<\/div>\n\t\t<\/div>\n\t\t\t\t\t<\/div>\n\t\t<\/section>\n\t\t\t\t<section class=\"elementor-section elementor-top-section elementor-element elementor-element-10c0d15 elementor-section-boxed elementor-section-height-default elementor-section-height-default\" data-id=\"10c0d15\" data-element_type=\"section\" data-e-type=\"section\">\n\t\t\t\t\t\t<div class=\"elementor-container elementor-column-gap-default\">\n\t\t\t\t\t<div class=\"elementor-column elementor-col-100 elementor-top-column elementor-element elementor-element-70211c4\" data-id=\"70211c4\" data-element_type=\"column\" data-e-type=\"column\">\n\t\t\t<div class=\"elementor-widget-wrap elementor-element-populated\">\n\t\t\t\t\t\t<div class=\"elementor-element elementor-element-3c7de75 elementor-widget elementor-widget-accordion\" data-id=\"3c7de75\" data-element_type=\"widget\" data-e-type=\"widget\" data-widget_type=\"accordion.default\">\n\t\t\t\t<div class=\"elementor-widget-container\">\n\t\t\t\t\t\t\t<div class=\"elementor-accordion\">\n\t\t\t\t\t\t\t<div class=\"elementor-accordion-item\">\n\t\t\t\t\t<div id=\"elementor-tab-title-6341\" class=\"elementor-tab-title\" data-tab=\"1\" role=\"button\" aria-controls=\"elementor-tab-content-6341\" aria-expanded=\"false\">\n\t\t\t\t\t\t\t\t\t\t\t\t\t<span class=\"elementor-accordion-icon elementor-accordion-icon-left\" aria-hidden=\"true\">\n\t\t\t\t\t\t\t\t\t\t\t\t\t\t\t<span class=\"elementor-accordion-icon-closed\"><i class=\"fas fa-plus\"><\/i><\/span>\n\t\t\t\t\t\t\t\t<span class=\"elementor-accordion-icon-opened\"><i class=\"fas fa-minus\"><\/i><\/span>\n\t\t\t\t\t\t\t\t\t\t\t\t\t\t<\/span>\n\t\t\t\t\t\t\t\t\t\t\t\t<a class=\"elementor-accordion-title\" tabindex=\"0\">Water \/ Sewage<\/a>\n\t\t\t\t\t<\/div>\n\t\t\t\t\t<div id=\"elementor-tab-content-6341\" class=\"elementor-tab-content elementor-clearfix\" data-tab=\"1\" role=\"region\" aria-labelledby=\"elementor-tab-title-6341\"><div id=\"elementor-tab-content-2021\" class=\"elementor-tab-content elementor-clearfix elementor-active\" role=\"tabpanel\" data-tab=\"1\" aria-labelledby=\"elementor-tab-title-2021\"><section class=\"elementor-element elementor-element-015125d elementor-section-boxed elementor-section-height-default elementor-section-height-default elementor-section elementor-top-section\" data-id=\"015125d\" data-element_type=\"section\"><div class=\"elementor-container elementor-column-gap-default\"><div class=\"elementor-row\"><div class=\"elementor-element elementor-element-c8cbcae elementor-column elementor-col-33 elementor-top-column\" data-id=\"c8cbcae\" data-element_type=\"column\"><div class=\"elementor-column-wrap elementor-element-populated\"><div class=\"elementor-widget-wrap\"><div class=\"elementor-element elementor-element-d604809 elementor-widget elementor-widget-text-editor\" data-id=\"d604809\" data-element_type=\"text-editor.default\"><div class=\"elementor-widget-container\"><div class=\"elementor-text-editor elementor-clearfix\"><ul><li><span style=\"color: #000000;\">BWB Berliner Wasserbetriebe<\/span><\/li><li><span style=\"color: #000000;\">HAMBURG WASSER<\/span><\/li><li><span style=\"color: #000000;\">GELSENWASSER AG<\/span><\/li><li><span style=\"color: #000000;\">DEW 21 Dortmunder Energie- und Wasserversorgung GmbH<\/span><\/li><li><span style=\"color: #000000;\">RheinEnergie Aktiengesellschaft<\/span><\/li><li><span style=\"color: #000000;\">Abwasserverband Braunschweig<\/span><\/li><li><span style=\"color: #000000;\">Wasserversorgungs- und Wasserentsorgungsgesellschaft Schwerin mbH<\/span><\/li><li><span style=\"color: #000000;\">ZWAR Zweckverband Wasserversorgung und Abwasserbehandlung R\u00fcgen<\/span><\/li><li><span style=\"color: #000000;\">St\u00e4dtische Werke AG Kassel<\/span><\/li><li><span style=\"color: #000000;\">SWE Stadtwerke Erfurt<\/span><\/li><li><span style=\"color: #000000;\">SWP Stadtwerke Pforzheim<\/span><\/li><\/ul><\/div><\/div><\/div><\/div><\/div><\/div><div class=\"elementor-element elementor-element-8559828 elementor-column elementor-col-33 elementor-top-column\" data-id=\"8559828\" data-element_type=\"column\"><div class=\"elementor-column-wrap elementor-element-populated\"><div class=\"elementor-widget-wrap\"><div class=\"elementor-element elementor-element-c1b32ca elementor-widget elementor-widget-text-editor\" data-id=\"c1b32ca\" data-element_type=\"text-editor.default\"><div class=\"elementor-widget-container\"><div class=\"elementor-text-editor elementor-clearfix\"><ul><li><span style=\"color: #000000;\">Friedelsheimer Gruppe<\/span><\/li><li><span style=\"color: #000000;\">Stadtwerke T\u00fcbingen GmbH<\/span><\/li><li><span style=\"color: #000000;\">RWW Rheinisch-Westf\u00e4lische Wasserwerksgesellschaft mbH<\/span><\/li><li><span style=\"color: #000000;\">Energie- und Wasserversorgung B\u00fcnde GmbH<\/span><\/li><li><span style=\"color: #000000;\">Stadtwerke Essen<\/span><\/li><li><span style=\"color: #000000;\">Harz Energie Netz GmbH<\/span><\/li><li><span style=\"color: #000000;\">WSW Wuppertal<\/span><\/li><li><span style=\"color: #000000;\">Wassergewinnung Essen GmbH<\/span><\/li><li><span style=\"color: #000000;\">Stadtwerke Krefeld<\/span><\/li><li><span style=\"color: #000000;\">EVS Energieversorgung Sylt<\/span><\/li><li><span style=\"color: #000000;\">Wasser und Abwasser GmbH Boddenland<\/span><\/li><li><span style=\"color: #000000;\">DREWAG Dresden<\/span><\/li><\/ul><\/div><\/div><\/div><\/div><\/div><\/div><div class=\"elementor-element elementor-element-45bed3d elementor-column elementor-col-33 elementor-top-column\" data-id=\"45bed3d\" data-element_type=\"column\"><div class=\"elementor-column-wrap elementor-element-populated\"><div class=\"elementor-widget-wrap\"><div class=\"elementor-element elementor-element-9d53737 elementor-widget elementor-widget-text-editor\" data-id=\"9d53737\" data-element_type=\"text-editor.default\"><div class=\"elementor-widget-container\"><div class=\"elementor-text-editor elementor-clearfix\"><ul><li><span style=\"color: #000000;\">enercity \u2013 Stadtwerke Hannover AG<\/span><\/li><li><span style=\"color: #000000;\">Hammann GmbH<\/span><\/li><li><span style=\"color: #000000;\">SWN Stadtwerke Neumarkt<\/span><\/li><li><span style=\"color: #000000;\">Wasserverband Stendal-Osterburg<\/span><\/li><li><span style=\"color: #000000;\">Wasserwerk Oberschlei\u00dfheim<\/span><\/li><li><span style=\"color: #000000;\">Technische Werke Ludwigshafen AG<\/span><\/li><li><span style=\"color: #000000;\">Stadtwerke M\u00fcnster GmbH<\/span><\/li><li><span style=\"color: #000000;\">Syndicat des Eaux et de l\u00b4Assainissement du Bas-Rhin Strasbourg (FR)<\/span><\/li><li><span style=\"color: #000000;\">Gemeinde Esch (LUX)<\/span><\/li><li><span style=\"color: #000000;\">South East Water Corporation (AUS)<\/span><\/li><li><span style=\"color: #000000;\">Hawle Service GmbH (AUT)<\/span><\/li><li><span style=\"color: #000000;\">Antwerpen Wasser (BEL)<\/span><\/li><\/ul><\/div><\/div><\/div><\/div><\/div><\/div><\/div><\/div><\/section><\/div><\/div>\n\t\t\t\t<\/div>\n\t\t\t\t\t\t\t<div class=\"elementor-accordion-item\">\n\t\t\t\t\t<div id=\"elementor-tab-title-6342\" class=\"elementor-tab-title\" data-tab=\"2\" role=\"button\" aria-controls=\"elementor-tab-content-6342\" aria-expanded=\"false\">\n\t\t\t\t\t\t\t\t\t\t\t\t\t<span class=\"elementor-accordion-icon elementor-accordion-icon-left\" aria-hidden=\"true\">\n\t\t\t\t\t\t\t\t\t\t\t\t\t\t\t<span class=\"elementor-accordion-icon-closed\"><i class=\"fas fa-plus\"><\/i><\/span>\n\t\t\t\t\t\t\t\t<span class=\"elementor-accordion-icon-opened\"><i class=\"fas fa-minus\"><\/i><\/span>\n\t\t\t\t\t\t\t\t\t\t\t\t\t\t<\/span>\n\t\t\t\t\t\t\t\t\t\t\t\t<a class=\"elementor-accordion-title\" tabindex=\"0\">Gas \/ District Heat \/ Industry<\/a>\n\t\t\t\t\t<\/div>\n\t\t\t\t\t<div id=\"elementor-tab-content-6342\" class=\"elementor-tab-content elementor-clearfix\" data-tab=\"2\" role=\"region\" aria-labelledby=\"elementor-tab-title-6342\"><div id=\"elementor-tab-content-2022\" class=\"elementor-tab-content elementor-clearfix elementor-active\" role=\"tabpanel\" data-tab=\"2\" aria-labelledby=\"elementor-tab-title-2022\"><section class=\"elementor-element elementor-element-6744ae2 elementor-section-boxed elementor-section-height-default elementor-section-height-default elementor-section elementor-top-section\" data-id=\"6744ae2\" data-element_type=\"section\"><div class=\"elementor-container elementor-column-gap-default\"><div class=\"elementor-row\"><div class=\"elementor-element elementor-element-e342308 elementor-column elementor-col-33 elementor-top-column\" data-id=\"e342308\" data-element_type=\"column\"><div class=\"elementor-column-wrap elementor-element-populated\"><div class=\"elementor-widget-wrap\"><div class=\"elementor-element elementor-element-e346755 elementor-widget elementor-widget-text-editor\" data-id=\"e346755\" data-element_type=\"text-editor.default\"><div class=\"elementor-widget-container\"><div class=\"elementor-text-editor elementor-clearfix\"><h4><span style=\"color: #000000;\">Gas<\/span><\/h4><\/div><\/div><\/div><\/div><\/div><\/div><div class=\"elementor-element elementor-element-2eb129f elementor-column elementor-col-33 elementor-top-column\" data-id=\"2eb129f\" data-element_type=\"column\"><div class=\"elementor-column-wrap elementor-element-populated\"><div class=\"elementor-widget-wrap\"><div class=\"elementor-element elementor-element-6c6e09c elementor-widget elementor-widget-text-editor\" data-id=\"6c6e09c\" data-element_type=\"text-editor.default\"><div class=\"elementor-widget-container\"><div class=\"elementor-text-editor elementor-clearfix\"><h4><span style=\"color: #000000;\">District Heating<\/span><\/h4><\/div><\/div><\/div><\/div><\/div><\/div><div class=\"elementor-element elementor-element-90564e4 elementor-column elementor-col-33 elementor-top-column\" data-id=\"90564e4\" data-element_type=\"column\"><div class=\"elementor-column-wrap elementor-element-populated\"><div class=\"elementor-widget-wrap\"><div class=\"elementor-element elementor-element-f2fdcd5 elementor-widget elementor-widget-text-editor\" data-id=\"f2fdcd5\" data-element_type=\"text-editor.default\"><div class=\"elementor-widget-container\"><div class=\"elementor-text-editor elementor-clearfix\"><h4><span style=\"color: #000000;\">Industry<\/span><\/h4><\/div><\/div><\/div><\/div><\/div><\/div><\/div><\/div><\/section><section class=\"elementor-element elementor-element-7a5e032 elementor-section-boxed elementor-section-height-default elementor-section-height-default elementor-section elementor-top-section\" data-id=\"7a5e032\" data-element_type=\"section\"><div class=\"elementor-container elementor-column-gap-default\"><div class=\"elementor-row\"><div class=\"elementor-element elementor-element-a61e11a elementor-column elementor-col-33 elementor-top-column\" data-id=\"a61e11a\" data-element_type=\"column\"><div class=\"elementor-column-wrap elementor-element-populated\"><div class=\"elementor-widget-wrap\"><div class=\"elementor-element elementor-element-c2b3c7d elementor-widget elementor-widget-text-editor\" data-id=\"c2b3c7d\" data-element_type=\"text-editor.default\"><div class=\"elementor-widget-container\"><div class=\"elementor-text-editor elementor-clearfix\"><ul><li><span style=\"color: #000000;\">Th\u00fcga Aktiengesellschaft<\/span><\/li><li><span style=\"color: #000000;\">DEW 21 Dortmunder Energie- und Wasserversorgung GmbH<\/span><\/li><li><span style=\"color: #000000;\">SWE Stadtwerke Erfurt<\/span><\/li><li><span style=\"color: #000000;\">SWP Stadtwerke Pforzheim<\/span><\/li><li><span style=\"color: #000000;\">Stadtwerke T\u00fcbingen GmbH<\/span><\/li><li><span style=\"color: #000000;\">Energieversorgung Oberhausen<\/span><\/li><li><span style=\"color: #000000;\">Stadtwerke Krefeld<\/span><\/li><li><span style=\"color: #000000;\">Erdgas S\u00fcdwest GmbH<\/span><\/li><li><span style=\"color: #000000;\">WSW Wuppertal<\/span><\/li><li><span style=\"color: #000000;\">PetersburgGaz (RUS)<\/span><\/li><\/ul><\/div><\/div><\/div><\/div><\/div><\/div><div class=\"elementor-element elementor-element-c0679bf elementor-column elementor-col-33 elementor-top-column\" data-id=\"c0679bf\" data-element_type=\"column\"><div class=\"elementor-column-wrap elementor-element-populated\"><div class=\"elementor-widget-wrap\"><div class=\"elementor-element elementor-element-9cac36a elementor-widget elementor-widget-text-editor\" data-id=\"9cac36a\" data-element_type=\"text-editor.default\"><div class=\"elementor-widget-container\"><div class=\"elementor-text-editor elementor-clearfix\"><ul><li><span style=\"color: #000000;\">SWM Stadtwerke M\u00fcnchen GmbH<\/span><\/li><li><span style=\"color: #000000;\">St\u00e4dtische Werke AG Kassel<\/span><\/li><li><span style=\"color: #000000;\">Energieversorgung Oberhausen<\/span><\/li><li><span style=\"color: #000000;\">ESWE Versorgungs AG Wiesbaden<\/span><\/li><li><span style=\"color: #000000;\">Teploseti (RUS)<\/span><\/li><li><span style=\"color: #000000;\">Industrielle Werke Basel (CH)<\/span><\/li><li><span style=\"color: #000000;\">Stadtwerke Saarbr\u00fccken<\/span><\/li><li><span style=\"color: #000000;\">Stadtwerke Heidelberg<\/span><\/li><li><span style=\"color: #000000;\">DREWAG &#8211; Stadtwerke Dresden GmbH<\/span><\/li><li><span style=\"color: #000000;\">Stadtwerke D\u00fcsseldorf<\/span><\/li><li><span style=\"color: #000000;\">Leipziger Stadtwerke<\/span><\/li><\/ul><\/div><\/div><\/div><\/div><\/div><\/div><div class=\"elementor-element elementor-element-c732b3d elementor-column elementor-col-33 elementor-top-column\" data-id=\"c732b3d\" data-element_type=\"column\"><div class=\"elementor-column-wrap elementor-element-populated\"><div class=\"elementor-widget-wrap\"><div class=\"elementor-element elementor-element-e362409 elementor-widget elementor-widget-text-editor\" data-id=\"e362409\" data-element_type=\"text-editor.default\"><div class=\"elementor-widget-container\"><div class=\"elementor-text-editor elementor-clearfix\"><ul><li><span style=\"color: #000000;\">MERCK KGaA<\/span><\/li><li><span style=\"color: #000000;\">BASF<\/span><\/li><li><span style=\"color: #000000;\">Volkswagen AG<\/span><\/li><li><span style=\"color: #000000;\">DOW Chemical<\/span><\/li><li><span style=\"color: #000000;\">Fraport AG<\/span><\/li><li><span style=\"color: #000000;\">Alu Norf GmbH<\/span><\/li><li><span style=\"color: #000000;\">NUON Energie u. Service GmbH<\/span><\/li><\/ul><\/div><\/div><\/div><\/div><\/div><\/div><\/div><\/div><\/section><\/div><\/div>\n\t\t\t\t<\/div>\n\t\t\t\t\t\t\t\t<\/div>\n\t\t\t\t\t\t<\/div>\n\t\t\t\t<\/div>\n\t\t\t\t\t<\/div>\n\t\t<\/div>\n\t\t\t\t\t<\/div>\n\t\t<\/section>\n\t\t\t\t<section class=\"elementor-section elementor-top-section elementor-element elementor-element-6d4d2a5 elementor-section-boxed elementor-section-height-default elementor-section-height-default\" data-id=\"6d4d2a5\" data-element_type=\"section\" data-e-type=\"section\">\n\t\t\t\t\t\t<div class=\"elementor-container elementor-column-gap-default\">\n\t\t\t\t\t<div class=\"elementor-column elementor-col-100 elementor-top-column elementor-element elementor-element-211ce03\" data-id=\"211ce03\" data-element_type=\"column\" data-e-type=\"column\">\n\t\t\t<div class=\"elementor-widget-wrap elementor-element-populated\">\n\t\t\t\t\t\t<div class=\"elementor-element elementor-element-2ab2cc3 elementor-widget elementor-widget-spacer\" data-id=\"2ab2cc3\" data-element_type=\"widget\" data-e-type=\"widget\" data-widget_type=\"spacer.default\">\n\t\t\t\t<div class=\"elementor-widget-container\">\n\t\t\t\t\t\t\t<div class=\"elementor-spacer\">\n\t\t\t<div class=\"elementor-spacer-inner\"><\/div>\n\t\t<\/div>\n\t\t\t\t\t\t<\/div>\n\t\t\t\t<\/div>\n\t\t\t\t\t<\/div>\n\t\t<\/div>\n\t\t\t\t\t<\/div>\n\t\t<\/section>\n\t\t\t\t<\/div>","protected":false},"excerpt":{"rendered":"<p class=\"qua-blog-post-description\">Referenzen Wasser \/ Abwasser BWB Berliner Wasserbetriebe HAMBURG WASSER GELSENWASSER AG DEW 21 Dortmunder Energie- und Wasserversorgung GmbH RheinEnergie Aktiengesellschaft Abwasserverband Braunschweig Wasserversorgungs- und Wasserentsorgungsgesellschaft Schwerin mbH ZWAR Zweckverband Wasserversorgung und Abwasserbehandlung R\u00fcgen St\u00e4dtische Werke AG Kassel SWE Stadtwerke Erfurt SWP Stadtwerke Pforzheim Friedelsheimer Gruppe Stadtwerke T\u00fcbingen GmbH RWW Rheinisch-Westf\u00e4lische Wasserwerksgesellschaft mbH Energie- und Wasserversorgung [&hellip;]<\/p>\n","protected":false},"author":1,"featured_media":0,"parent":800,"menu_order":0,"comment_status":"closed","ping_status":"closed","template":"elementor_header_footer","meta":{"ngg_post_thumbnail":0,"footnotes":""},"class_list":["post-1169","page","type-page","status-publish","hentry"],"_links":{"self":[{"href":"https:\/\/www.3s-antriebe.de\/en\/wp-json\/wp\/v2\/pages\/1169","targetHints":{"allow":["GET"]}}],"collection":[{"href":"https:\/\/www.3s-antriebe.de\/en\/wp-json\/wp\/v2\/pages"}],"about":[{"href":"https:\/\/www.3s-antriebe.de\/en\/wp-json\/wp\/v2\/types\/page"}],"author":[{"embeddable":true,"href":"https:\/\/www.3s-antriebe.de\/en\/wp-json\/wp\/v2\/users\/1"}],"replies":[{"embeddable":true,"href":"https:\/\/www.3s-antriebe.de\/en\/wp-json\/wp\/v2\/comments?post=1169"}],"version-history":[{"count":10,"href":"https:\/\/www.3s-antriebe.de\/en\/wp-json\/wp\/v2\/pages\/1169\/revisions"}],"predecessor-version":[{"id":4593,"href":"https:\/\/www.3s-antriebe.de\/en\/wp-json\/wp\/v2\/pages\/1169\/revisions\/4593"}],"up":[{"embeddable":true,"href":"https:\/\/www.3s-antriebe.de\/en\/wp-json\/wp\/v2\/pages\/800"}],"wp:attachment":[{"href":"https:\/\/www.3s-antriebe.de\/en\/wp-json\/wp\/v2\/media?parent=1169"}],"curies":[{"name":"wp","href":"https:\/\/api.w.org\/{rel}","templated":true}]}}