{"id":3722,"date":"2021-09-14T20:34:46","date_gmt":"2021-09-14T18:34:46","guid":{"rendered":"https:\/\/www.3s-antriebe.de\/?page_id=3722"},"modified":"2026-04-09T08:18:24","modified_gmt":"2026-04-09T06:18:24","slug":"karriere","status":"publish","type":"page","link":"https:\/\/www.3s-antriebe.de\/en\/ueber-uns\/karriere\/","title":{"rendered":"Jobs"},"content":{"rendered":"<div data-elementor-type=\"wp-post\" data-elementor-id=\"3722\" class=\"elementor elementor-3722\">\n\t\t\t\t\t\t<section class=\"elementor-section elementor-top-section elementor-element elementor-element-57a3610 elementor-section-full_width elementor-section-height-default elementor-section-height-default\" data-id=\"57a3610\" data-element_type=\"section\" data-e-type=\"section\">\n\t\t\t\t\t\t<div class=\"elementor-container elementor-column-gap-default\">\n\t\t\t\t\t<div class=\"elementor-column elementor-col-100 elementor-top-column elementor-element elementor-element-cb85c08\" data-id=\"cb85c08\" data-element_type=\"column\" data-e-type=\"column\">\n\t\t\t<div class=\"elementor-widget-wrap elementor-element-populated\">\n\t\t\t\t\t\t<div class=\"elementor-element elementor-element-fc370d1 elementor-widget elementor-widget-image-carousel\" data-id=\"fc370d1\" data-element_type=\"widget\" data-e-type=\"widget\" data-settings=\"{&quot;slides_to_show&quot;:&quot;1&quot;,&quot;navigation&quot;:&quot;none&quot;,&quot;autoplay&quot;:&quot;yes&quot;,&quot;pause_on_hover&quot;:&quot;yes&quot;,&quot;pause_on_interaction&quot;:&quot;yes&quot;,&quot;autoplay_speed&quot;:5000,&quot;infinite&quot;:&quot;yes&quot;,&quot;effect&quot;:&quot;slide&quot;,&quot;speed&quot;:500}\" data-widget_type=\"image-carousel.default\">\n\t\t\t\t<div class=\"elementor-widget-container\">\n\t\t\t\t\t\t\t<div class=\"elementor-image-carousel-wrapper swiper\" role=\"region\" aria-roledescription=\"carousel\" aria-label=\"Bild Karussell\" dir=\"ltr\">\n\t\t\t<div class=\"elementor-image-carousel swiper-wrapper\" aria-live=\"off\">\n\t\t\t\t\t\t\t\t<div class=\"swiper-slide\" role=\"group\" aria-roledescription=\"slide\" aria-label=\"1 of 1\" data-no-translation-aria-label=\"\"><figure class=\"swiper-slide-inner\"><img decoding=\"async\" class=\"swiper-slide-image\" src=\"https:\/\/www.3s-antriebe.de\/wp-content\/uploads\/elementor\/thumbs\/Bannerklein-nz1x3dzkpo0u2nghdymkhuvnvo508tisqyuy4ce6u2.png\" alt=\"Bannerklein\" \/><\/figure><\/div>\t\t\t<\/div>\n\t\t\t\t\t<\/div>\n\t\t\t\t\t\t<\/div>\n\t\t\t\t<\/div>\n\t\t\t\t\t<\/div>\n\t\t<\/div>\n\t\t\t\t\t<\/div>\n\t\t<\/section>\n\t\t\t\t<section class=\"elementor-section elementor-top-section elementor-element elementor-element-0494a22 elementor-section-boxed elementor-section-height-default elementor-section-height-default\" data-id=\"0494a22\" data-element_type=\"section\" data-e-type=\"section\">\n\t\t\t\t\t\t<div class=\"elementor-container elementor-column-gap-default\">\n\t\t\t\t\t<div class=\"elementor-column elementor-col-100 elementor-top-column elementor-element elementor-element-ad04c3c\" data-id=\"ad04c3c\" data-element_type=\"column\" data-e-type=\"column\">\n\t\t\t<div class=\"elementor-widget-wrap elementor-element-populated\">\n\t\t\t\t\t\t<div class=\"elementor-element elementor-element-7c4895c elementor-widget elementor-widget-heading\" data-id=\"7c4895c\" data-element_type=\"widget\" data-e-type=\"widget\" data-widget_type=\"heading.default\">\n\t\t\t\t<div class=\"elementor-widget-container\">\n\t\t\t\t\t<h1 class=\"elementor-heading-title elementor-size-default\">Jobs<\/h1>\t\t\t\t<\/div>\n\t\t\t\t<\/div>\n\t\t\t\t\t<\/div>\n\t\t<\/div>\n\t\t\t\t\t<\/div>\n\t\t<\/section>\n\t\t\t\t<section class=\"elementor-section elementor-top-section elementor-element elementor-element-9a0868b elementor-section-boxed elementor-section-height-default elementor-section-height-default\" data-id=\"9a0868b\" data-element_type=\"section\" data-e-type=\"section\" data-settings=\"{&quot;background_background&quot;:&quot;classic&quot;}\">\n\t\t\t\t\t\t<div class=\"elementor-container elementor-column-gap-default\">\n\t\t\t\t\t<div class=\"elementor-column elementor-col-100 elementor-top-column elementor-element elementor-element-b420ff8\" data-id=\"b420ff8\" data-element_type=\"column\" data-e-type=\"column\">\n\t\t\t<div class=\"elementor-widget-wrap elementor-element-populated\">\n\t\t\t\t\t\t<div class=\"elementor-element elementor-element-24f5837 elementor-widget-divider--view-line elementor-widget elementor-widget-divider\" data-id=\"24f5837\" data-element_type=\"widget\" data-e-type=\"widget\" data-widget_type=\"divider.default\">\n\t\t\t\t<div class=\"elementor-widget-container\">\n\t\t\t\t\t\t\t<div class=\"elementor-divider\">\n\t\t\t<span class=\"elementor-divider-separator\">\n\t\t\t\t\t\t<\/span>\n\t\t<\/div>\n\t\t\t\t\t\t<\/div>\n\t\t\t\t<\/div>\n\t\t\t\t\t<\/div>\n\t\t<\/div>\n\t\t\t\t\t<\/div>\n\t\t<\/section>\n\t\t\t\t<section class=\"elementor-section elementor-top-section elementor-element elementor-element-16cdbc3 elementor-section-boxed elementor-section-height-default elementor-section-height-default\" data-id=\"16cdbc3\" data-element_type=\"section\" data-e-type=\"section\">\n\t\t\t\t\t\t<div class=\"elementor-container elementor-column-gap-default\">\n\t\t\t\t\t<div class=\"elementor-column elementor-col-100 elementor-top-column elementor-element elementor-element-1f89d1d\" data-id=\"1f89d1d\" data-element_type=\"column\" data-e-type=\"column\">\n\t\t\t<div class=\"elementor-widget-wrap elementor-element-populated\">\n\t\t\t\t\t\t<div class=\"elementor-element elementor-element-2f94e44 elementor-widget elementor-widget-text-editor\" data-id=\"2f94e44\" data-element_type=\"widget\" data-e-type=\"widget\" data-widget_type=\"text-editor.default\">\n\t\t\t\t<div class=\"elementor-widget-container\">\n\t\t\t\t\t\t\t\t\t<h4><b>We owe our success to our employees<\/b><\/h4><p>The only way to be better than \u201cgood\u201d is through genuine passion and strong teamwork! Our success is built on our qualified and dedicated employees, their creativity, and their open-minded approach. As a medium-sized family business, we ensure that our employees feel at comfortable \u2013 through a flat organizational structure, quick decision-making processes, and a commitment to continuous improvement, we provide the ideal conditions for our employees to thrive. Ongoing training and professional development are the cornerstones of our own 3S Antriebe Academy.\u00a0<\/p><p>Become part of our globally successful team! We look forward to receiving your application.<\/p><p>\u00a0<\/p><h4>Current positions<\/h4>\t\t\t\t\t\t\t\t<\/div>\n\t\t\t\t<\/div>\n\t\t\t\t\t<\/div>\n\t\t<\/div>\n\t\t\t\t\t<\/div>\n\t\t<\/section>\n\t\t\t\t<section class=\"elementor-section elementor-top-section elementor-element elementor-element-f0857be elementor-section-boxed elementor-section-height-default elementor-section-height-default\" data-id=\"f0857be\" data-element_type=\"section\" data-e-type=\"section\">\n\t\t\t\t\t\t<div class=\"elementor-container elementor-column-gap-default\">\n\t\t\t\t\t<div class=\"elementor-column elementor-col-100 elementor-top-column elementor-element elementor-element-aa7e992\" data-id=\"aa7e992\" data-element_type=\"column\" data-e-type=\"column\">\n\t\t\t<div class=\"elementor-widget-wrap elementor-element-populated\">\n\t\t\t\t\t\t<div class=\"elementor-element elementor-element-f5742d5 elementor-widget elementor-widget-html\" data-id=\"f5742d5\" data-element_type=\"widget\" data-e-type=\"widget\" data-widget_type=\"html.default\">\n\t\t\t\t<div class=\"elementor-widget-container\">\n\t\t\t\t\t<script async defer id=\"connectoorinit\" src=\"https:\/\/fenster.connectoor.de\/connectoor.js\" type=\"application\/javascript\"><\/script>\n\n                               \n\n<div id=\"6130e547ddb233884b8b4567\" class=\"je_stellenmarkt\"><\/div>\t\t\t\t<\/div>\n\t\t\t\t<\/div>\n\t\t\t\t\t<\/div>\n\t\t<\/div>\n\t\t\t\t\t<\/div>\n\t\t<\/section>\n\t\t\t\t<\/div>","protected":false},"excerpt":{"rendered":"<p class=\"qua-blog-post-description\">Karriere Unseren Erfolg verdanken wir unseren Mitarbeitenden Besser als \u201egut\u201c wird man nur durch echte Leidenschaft und mit starkem Teamwork! Unser Erfolg beruht auf unseren qualifizierten und engagierten Mitarbeiterinnen und Mitarbeitern, der Kreativit\u00e4t und dem schrankenlosen Denken. Wir als mittelst\u00e4ndisches Familienunternehmen sorgen daf\u00fcr, dass sich unsere Mitarbeitenden wohlf\u00fchlen &#8211; durch eine flache Organisationsstruktur, schnelle Entscheidungswege [&hellip;]<\/p>\n","protected":false},"author":1,"featured_media":0,"parent":800,"menu_order":0,"comment_status":"closed","ping_status":"closed","template":"elementor_header_footer","meta":{"ngg_post_thumbnail":0,"footnotes":""},"class_list":["post-3722","page","type-page","status-publish","hentry"],"_links":{"self":[{"href":"https:\/\/www.3s-antriebe.de\/en\/wp-json\/wp\/v2\/pages\/3722","targetHints":{"allow":["GET"]}}],"collection":[{"href":"https:\/\/www.3s-antriebe.de\/en\/wp-json\/wp\/v2\/pages"}],"about":[{"href":"https:\/\/www.3s-antriebe.de\/en\/wp-json\/wp\/v2\/types\/page"}],"author":[{"embeddable":true,"href":"https:\/\/www.3s-antriebe.de\/en\/wp-json\/wp\/v2\/users\/1"}],"replies":[{"embeddable":true,"href":"https:\/\/www.3s-antriebe.de\/en\/wp-json\/wp\/v2\/comments?post=3722"}],"version-history":[{"count":11,"href":"https:\/\/www.3s-antriebe.de\/en\/wp-json\/wp\/v2\/pages\/3722\/revisions"}],"predecessor-version":[{"id":4812,"href":"https:\/\/www.3s-antriebe.de\/en\/wp-json\/wp\/v2\/pages\/3722\/revisions\/4812"}],"up":[{"embeddable":true,"href":"https:\/\/www.3s-antriebe.de\/en\/wp-json\/wp\/v2\/pages\/800"}],"wp:attachment":[{"href":"https:\/\/www.3s-antriebe.de\/en\/wp-json\/wp\/v2\/media?parent=3722"}],"curies":[{"name":"wp","href":"https:\/\/api.w.org\/{rel}","templated":true}]}}