{"id":4373,"date":"2022-07-26T10:53:51","date_gmt":"2022-07-26T08:53:51","guid":{"rendered":"https:\/\/www.3s-antriebe.de\/?page_id=4373"},"modified":"2022-07-26T11:37:48","modified_gmt":"2022-07-26T09:37:48","slug":"agb","status":"publish","type":"page","link":"https:\/\/www.3s-antriebe.de\/en\/agb\/","title":{"rendered":"Terms and conditions"},"content":{"rendered":"<div data-elementor-type=\"wp-post\" data-elementor-id=\"4373\" class=\"elementor elementor-4373\">\n\t\t\t\t\t\t<section class=\"elementor-section elementor-top-section elementor-element elementor-element-32a98f9 elementor-section-stretched elementor-section-full_width elementor-section-height-default elementor-section-height-default\" data-id=\"32a98f9\" data-element_type=\"section\" data-e-type=\"section\" data-settings=\"{&quot;stretch_section&quot;:&quot;section-stretched&quot;}\">\n\t\t\t\t\t\t<div class=\"elementor-container elementor-column-gap-default\">\n\t\t\t\t\t<div class=\"elementor-column elementor-col-100 elementor-top-column elementor-element elementor-element-505a89a\" data-id=\"505a89a\" data-element_type=\"column\" data-e-type=\"column\">\n\t\t\t<div class=\"elementor-widget-wrap elementor-element-populated\">\n\t\t\t\t\t\t<div class=\"elementor-element elementor-element-d626373 elementor-arrows-position-inside elementor-pagination-position-outside elementor-widget elementor-widget-image-carousel\" data-id=\"d626373\" data-element_type=\"widget\" data-e-type=\"widget\" data-settings=\"{&quot;slides_to_show&quot;:&quot;1&quot;,&quot;navigation&quot;:&quot;both&quot;,&quot;autoplay&quot;:&quot;yes&quot;,&quot;pause_on_hover&quot;:&quot;yes&quot;,&quot;pause_on_interaction&quot;:&quot;yes&quot;,&quot;autoplay_speed&quot;:5000,&quot;infinite&quot;:&quot;yes&quot;,&quot;effect&quot;:&quot;slide&quot;,&quot;speed&quot;:500}\" data-widget_type=\"image-carousel.default\">\n\t\t\t\t<div class=\"elementor-widget-container\">\n\t\t\t\t\t\t\t<div class=\"elementor-image-carousel-wrapper swiper\" role=\"region\" aria-roledescription=\"carousel\" aria-label=\"Bild Karussell\" dir=\"ltr\">\n\t\t\t<div class=\"elementor-image-carousel swiper-wrapper swiper-image-stretch\" aria-live=\"off\">\n\t\t\t\t\t\t\t\t<div class=\"swiper-slide\" role=\"group\" aria-roledescription=\"slide\" aria-label=\"1 von 1\"><figure class=\"swiper-slide-inner\"><img decoding=\"async\" class=\"swiper-slide-image\" src=\"https:\/\/www.3s-antriebe.de\/wp-content\/uploads\/elementor\/thumbs\/Bannerdoppeltschmall-nymhilrvtyghpxpmx0gxfhhomrgf8ksp8a3461r76i.png\" alt=\"Bannerdoppeltschmal\" \/><\/figure><\/div>\t\t\t<\/div>\n\t\t\t\t\t<\/div>\n\t\t\t\t\t\t<\/div>\n\t\t\t\t<\/div>\n\t\t\t\t\t<\/div>\n\t\t<\/div>\n\t\t\t\t\t<\/div>\n\t\t<\/section>\n\t\t\t\t<section class=\"elementor-section elementor-top-section elementor-element elementor-element-8586439 elementor-section-boxed elementor-section-height-default elementor-section-height-default\" data-id=\"8586439\" data-element_type=\"section\" data-e-type=\"section\">\n\t\t\t\t\t\t<div class=\"elementor-container elementor-column-gap-default\">\n\t\t\t\t\t<div class=\"elementor-column elementor-col-100 elementor-top-column elementor-element elementor-element-38734b9\" data-id=\"38734b9\" data-element_type=\"column\" data-e-type=\"column\">\n\t\t\t<div class=\"elementor-widget-wrap elementor-element-populated\">\n\t\t\t\t\t\t<div class=\"elementor-element elementor-element-0ea4866 elementor-widget elementor-widget-heading\" data-id=\"0ea4866\" data-element_type=\"widget\" data-e-type=\"widget\" data-widget_type=\"heading.default\">\n\t\t\t\t<div class=\"elementor-widget-container\">\n\t\t\t\t\t<h2 class=\"elementor-heading-title elementor-size-default\">Terms and conditions<\/h2>\t\t\t\t<\/div>\n\t\t\t\t<\/div>\n\t\t\t\t\t<\/div>\n\t\t<\/div>\n\t\t\t\t\t<\/div>\n\t\t<\/section>\n\t\t\t\t<section class=\"elementor-section elementor-top-section elementor-element elementor-element-ffffea1 elementor-section-boxed elementor-section-height-default elementor-section-height-default\" data-id=\"ffffea1\" data-element_type=\"section\" data-e-type=\"section\">\n\t\t\t\t\t\t<div class=\"elementor-container elementor-column-gap-default\">\n\t\t\t\t\t<div class=\"elementor-column elementor-col-100 elementor-top-column elementor-element elementor-element-3c620bc\" data-id=\"3c620bc\" data-element_type=\"column\" data-e-type=\"column\">\n\t\t\t<div class=\"elementor-widget-wrap elementor-element-populated\">\n\t\t\t\t\t\t<div class=\"elementor-element elementor-element-dcbe309 elementor-widget-divider--view-line elementor-widget elementor-widget-divider\" data-id=\"dcbe309\" data-element_type=\"widget\" data-e-type=\"widget\" data-widget_type=\"divider.default\">\n\t\t\t\t<div class=\"elementor-widget-container\">\n\t\t\t\t\t\t\t<div class=\"elementor-divider\">\n\t\t\t<span class=\"elementor-divider-separator\">\n\t\t\t\t\t\t<\/span>\n\t\t<\/div>\n\t\t\t\t\t\t<\/div>\n\t\t\t\t<\/div>\n\t\t\t\t\t<\/div>\n\t\t<\/div>\n\t\t\t\t\t<\/div>\n\t\t<\/section>\n\t\t\t\t<section class=\"elementor-section elementor-top-section elementor-element elementor-element-35cbda6 elementor-section-boxed elementor-section-height-default elementor-section-height-default\" data-id=\"35cbda6\" data-element_type=\"section\" data-e-type=\"section\">\n\t\t\t\t\t\t<div class=\"elementor-container elementor-column-gap-default\">\n\t\t\t\t\t<div class=\"elementor-column elementor-col-100 elementor-top-column elementor-element elementor-element-ea68800\" data-id=\"ea68800\" data-element_type=\"column\" data-e-type=\"column\">\n\t\t\t<div class=\"elementor-widget-wrap elementor-element-populated\">\n\t\t\t\t\t\t<div class=\"elementor-element elementor-element-3640a11 elementor-widget elementor-widget-text-editor\" data-id=\"3640a11\" data-element_type=\"widget\" data-e-type=\"widget\" data-widget_type=\"text-editor.default\">\n\t\t\t\t<div class=\"elementor-widget-container\">\n\t\t\t\t\t\t\t\t\t<p><strong>General terms and conditions<\/strong><\/p><ul><li class=\"translation-block\">All deliveries and services of 3S Antriebe GmbH are subject to the \u201cGeneral Terms and Conditions of Delivery for Products and Services of the Electrical Industry (Green Delivery Terms \u2013 GL) \u201c of the Zentralverbandes der Elektroindustrie e. V. , in the current version.<\/li><\/ul><p><strong>\u201cGeneral Terms of Delivery for Products and Services of the Electrical Industry (Green Delivery Terms \u2013 GL) \u201c of the ZVEI, as of January 2022.<\/strong><\/p><p><a href=\"https:\/\/www.3s-antriebe.de\/wp-content\/uploads\/2022\/07\/2.AGB-deutsch-englisch-22-1.pdf\"><b>DOWNLOAD PDF<\/b><\/a><\/p>\t\t\t\t\t\t\t\t<\/div>\n\t\t\t\t<\/div>\n\t\t\t\t\t<\/div>\n\t\t<\/div>\n\t\t\t\t\t<\/div>\n\t\t<\/section>\n\t\t\t\t<section class=\"elementor-section elementor-top-section elementor-element elementor-element-7792561 elementor-section-boxed elementor-section-height-default elementor-section-height-default\" data-id=\"7792561\" data-element_type=\"section\" data-e-type=\"section\">\n\t\t\t\t\t\t<div class=\"elementor-container elementor-column-gap-default\">\n\t\t\t\t\t<div class=\"elementor-column elementor-col-100 elementor-top-column elementor-element elementor-element-4244c35\" data-id=\"4244c35\" data-element_type=\"column\" data-e-type=\"column\">\n\t\t\t<div class=\"elementor-widget-wrap elementor-element-populated\">\n\t\t\t\t\t\t<div class=\"elementor-element elementor-element-83b1cf6 elementor-widget elementor-widget-text-editor\" data-id=\"83b1cf6\" data-element_type=\"widget\" data-e-type=\"widget\" data-widget_type=\"text-editor.default\">\n\t\t\t\t<div class=\"elementor-widget-container\">\n\t\t\t\t\t\t\t\t\t<ul><li class=\"translation-block\">In addition, the \u201cSoftware Clause for the Provision of Standard Software as Part of Supplies\u201d of the Zentralverband der Elektroindustrie e.V., in its current version, applies.<\/li><\/ul><p><strong>\u201cSoftware Clause for the Provision of Standard Software as Part of Supplies\u201d of the ZVEI, as of January 2022<\/strong><\/p><p><a href=\"https:\/\/www.3s-antriebe.de\/wp-content\/uploads\/2022\/07\/ZVEI_AGB_Softwareklausel_EN-DE_2022.pdf\"><strong>DOWNLOAD PDF<\/strong><\/a><\/p>\t\t\t\t\t\t\t\t<\/div>\n\t\t\t\t<\/div>\n\t\t\t\t\t<\/div>\n\t\t<\/div>\n\t\t\t\t\t<\/div>\n\t\t<\/section>\n\t\t\t\t<section class=\"elementor-section elementor-top-section elementor-element elementor-element-0caf426 elementor-section-boxed elementor-section-height-default elementor-section-height-default\" data-id=\"0caf426\" data-element_type=\"section\" data-e-type=\"section\">\n\t\t\t\t\t\t<div class=\"elementor-container elementor-column-gap-default\">\n\t\t\t\t\t<div class=\"elementor-column elementor-col-100 elementor-top-column elementor-element elementor-element-af8afa2\" data-id=\"af8afa2\" data-element_type=\"column\" data-e-type=\"column\">\n\t\t\t<div class=\"elementor-widget-wrap elementor-element-populated\">\n\t\t\t\t\t\t<div class=\"elementor-element elementor-element-e20c988 elementor-widget elementor-widget-spacer\" data-id=\"e20c988\" data-element_type=\"widget\" data-e-type=\"widget\" data-widget_type=\"spacer.default\">\n\t\t\t\t<div class=\"elementor-widget-container\">\n\t\t\t\t\t\t\t<div class=\"elementor-spacer\">\n\t\t\t<div class=\"elementor-spacer-inner\"><\/div>\n\t\t<\/div>\n\t\t\t\t\t\t<\/div>\n\t\t\t\t<\/div>\n\t\t\t\t\t<\/div>\n\t\t<\/div>\n\t\t\t\t\t<\/div>\n\t\t<\/section>\n\t\t\t\t<\/div>","protected":false},"excerpt":{"rendered":"<p class=\"qua-blog-post-description\">AGB Allgemeine Gesch\u00e4ftsbedingungen Im Gesch\u00e4ftsverkehr gegen\u00fcber Unternehmern gelten f\u00fcr s\u00e4mtliche Lieferungen und Leistungen der 3S Antriebe GmbH die &#8222;Allgemeine Lieferbedingungen f\u00fcr Erzeugnisse und Leistungen der Elektroindustrie (Gr\u00fcne Lieferbedingungen &#8211; GL)&#8220; des Zentralverbandes der Elektroindustrie e.V., in der aktuellen Fassung. &#8222;Allgemeine Lieferbedingungen f\u00fcr Erzeugnisse und Leistungen der Elektroindustrie (Gr\u00fcne Lieferbedingungen &#8211; GL)&#8220; des ZVEI, Stand: Januar [&hellip;]<\/p>\n","protected":false},"author":1,"featured_media":0,"parent":0,"menu_order":0,"comment_status":"closed","ping_status":"closed","template":"elementor_header_footer","meta":{"ngg_post_thumbnail":0,"footnotes":""},"class_list":["post-4373","page","type-page","status-publish","hentry"],"_links":{"self":[{"href":"https:\/\/www.3s-antriebe.de\/en\/wp-json\/wp\/v2\/pages\/4373","targetHints":{"allow":["GET"]}}],"collection":[{"href":"https:\/\/www.3s-antriebe.de\/en\/wp-json\/wp\/v2\/pages"}],"about":[{"href":"https:\/\/www.3s-antriebe.de\/en\/wp-json\/wp\/v2\/types\/page"}],"author":[{"embeddable":true,"href":"https:\/\/www.3s-antriebe.de\/en\/wp-json\/wp\/v2\/users\/1"}],"replies":[{"embeddable":true,"href":"https:\/\/www.3s-antriebe.de\/en\/wp-json\/wp\/v2\/comments?post=4373"}],"version-history":[{"count":10,"href":"https:\/\/www.3s-antriebe.de\/en\/wp-json\/wp\/v2\/pages\/4373\/revisions"}],"predecessor-version":[{"id":4394,"href":"https:\/\/www.3s-antriebe.de\/en\/wp-json\/wp\/v2\/pages\/4373\/revisions\/4394"}],"wp:attachment":[{"href":"https:\/\/www.3s-antriebe.de\/en\/wp-json\/wp\/v2\/media?parent=4373"}],"curies":[{"name":"wp","href":"https:\/\/api.w.org\/{rel}","templated":true}]}}