{"id":800,"date":"2018-09-13T11:09:10","date_gmt":"2018-09-13T09:09:10","guid":{"rendered":"http:\/\/wp2018.3s-antriebe.de\/?page_id=800"},"modified":"2024-02-26T14:21:52","modified_gmt":"2024-02-26T13:21:52","slug":"ueber-uns","status":"publish","type":"page","link":"https:\/\/www.3s-antriebe.de\/en\/ueber-uns\/","title":{"rendered":"About us"},"content":{"rendered":"<div data-elementor-type=\"wp-post\" data-elementor-id=\"800\" class=\"elementor elementor-800\">\n\t\t\t\t\t\t<section class=\"elementor-section elementor-top-section elementor-element elementor-element-c040e23 elementor-section-stretched elementor-section-full_width elementor-section-height-default elementor-section-height-default\" data-id=\"c040e23\" data-element_type=\"section\" data-e-type=\"section\" data-settings=\"{&quot;stretch_section&quot;:&quot;section-stretched&quot;}\">\n\t\t\t\t\t\t<div class=\"elementor-container elementor-column-gap-default\">\n\t\t\t\t\t<div class=\"elementor-column elementor-col-100 elementor-top-column elementor-element elementor-element-260c39a\" data-id=\"260c39a\" data-element_type=\"column\" data-e-type=\"column\">\n\t\t\t<div class=\"elementor-widget-wrap elementor-element-populated\">\n\t\t\t\t\t\t<div class=\"elementor-element elementor-element-4b14a03 elementor-widget elementor-widget-image-carousel\" data-id=\"4b14a03\" data-element_type=\"widget\" data-e-type=\"widget\" data-settings=\"{&quot;slides_to_show&quot;:&quot;1&quot;,&quot;navigation&quot;:&quot;none&quot;,&quot;autoplay&quot;:&quot;yes&quot;,&quot;pause_on_hover&quot;:&quot;yes&quot;,&quot;pause_on_interaction&quot;:&quot;yes&quot;,&quot;autoplay_speed&quot;:5000,&quot;infinite&quot;:&quot;yes&quot;,&quot;effect&quot;:&quot;slide&quot;,&quot;speed&quot;:500}\" data-widget_type=\"image-carousel.default\">\n\t\t\t\t<div class=\"elementor-widget-container\">\n\t\t\t\t\t\t\t<div class=\"elementor-image-carousel-wrapper swiper\" role=\"region\" aria-roledescription=\"carousel\" aria-label=\"Bild Karussell\" dir=\"ltr\">\n\t\t\t<div class=\"elementor-image-carousel swiper-wrapper\" aria-live=\"off\">\n\t\t\t\t\t\t\t\t<div class=\"swiper-slide\" role=\"group\" aria-roledescription=\"slide\" aria-label=\"1 von 1\"><figure class=\"swiper-slide-inner\"><img decoding=\"async\" class=\"swiper-slide-image\" src=\"https:\/\/www.3s-antriebe.de\/wp-content\/uploads\/elementor\/thumbs\/Bannerklein-1-nz1x99h9fe2cmwxa301mkvidjd6lcpuek1n73loly2.png\" alt=\"Armaturenstellantriebe mit verschiedenen Antriebsvarianten\" \/><\/figure><\/div>\t\t\t<\/div>\n\t\t\t\t\t<\/div>\n\t\t\t\t\t\t<\/div>\n\t\t\t\t<\/div>\n\t\t\t\t\t<\/div>\n\t\t<\/div>\n\t\t\t\t\t<\/div>\n\t\t<\/section>\n\t\t\t\t<section class=\"elementor-section elementor-top-section elementor-element elementor-element-d6eaade elementor-section-stretched elementor-section-boxed elementor-section-height-default elementor-section-height-default\" data-id=\"d6eaade\" data-element_type=\"section\" data-e-type=\"section\" data-settings=\"{&quot;stretch_section&quot;:&quot;section-stretched&quot;}\">\n\t\t\t\t\t\t<div class=\"elementor-container elementor-column-gap-default\">\n\t\t\t\t\t<div class=\"elementor-column elementor-col-100 elementor-top-column elementor-element elementor-element-57b0c30\" data-id=\"57b0c30\" data-element_type=\"column\" data-e-type=\"column\">\n\t\t\t<div class=\"elementor-widget-wrap elementor-element-populated\">\n\t\t\t\t\t\t<div class=\"elementor-element elementor-element-b35fed4 elementor-widget elementor-widget-heading\" data-id=\"b35fed4\" data-element_type=\"widget\" data-e-type=\"widget\" data-widget_type=\"heading.default\">\n\t\t\t\t<div class=\"elementor-widget-container\">\n\t\t\t\t\t<h1 class=\"elementor-heading-title elementor-size-default\">About us<\/h1>\t\t\t\t<\/div>\n\t\t\t\t<\/div>\n\t\t\t\t\t<\/div>\n\t\t<\/div>\n\t\t\t\t\t<\/div>\n\t\t<\/section>\n\t\t\t\t<section class=\"elementor-section elementor-top-section elementor-element elementor-element-aec71b0 elementor-section-boxed elementor-section-height-default elementor-section-height-default\" data-id=\"aec71b0\" data-element_type=\"section\" data-e-type=\"section\">\n\t\t\t\t\t\t<div class=\"elementor-container elementor-column-gap-default\">\n\t\t\t\t\t<div class=\"elementor-column elementor-col-100 elementor-top-column elementor-element elementor-element-2bfcdbc\" data-id=\"2bfcdbc\" data-element_type=\"column\" data-e-type=\"column\">\n\t\t\t<div class=\"elementor-widget-wrap elementor-element-populated\">\n\t\t\t\t\t\t<div class=\"elementor-element elementor-element-a777b39 elementor-widget-divider--view-line elementor-widget elementor-widget-divider\" data-id=\"a777b39\" data-element_type=\"widget\" data-e-type=\"widget\" data-widget_type=\"divider.default\">\n\t\t\t\t<div class=\"elementor-widget-container\">\n\t\t\t\t\t\t\t<div class=\"elementor-divider\">\n\t\t\t<span class=\"elementor-divider-separator\">\n\t\t\t\t\t\t<\/span>\n\t\t<\/div>\n\t\t\t\t\t\t<\/div>\n\t\t\t\t<\/div>\n\t\t\t\t\t<\/div>\n\t\t<\/div>\n\t\t\t\t\t<\/div>\n\t\t<\/section>\n\t\t\t\t<section class=\"elementor-section elementor-top-section elementor-element elementor-element-393015d elementor-section-stretched elementor-section-content-middle elementor-section-boxed elementor-section-height-default elementor-section-height-default\" data-id=\"393015d\" data-element_type=\"section\" data-e-type=\"section\" data-settings=\"{&quot;stretch_section&quot;:&quot;section-stretched&quot;,&quot;background_background&quot;:&quot;gradient&quot;}\">\n\t\t\t\t\t\t<div class=\"elementor-container elementor-column-gap-default\">\n\t\t\t\t\t<div class=\"elementor-column elementor-col-100 elementor-top-column elementor-element elementor-element-d74aaa7\" data-id=\"d74aaa7\" data-element_type=\"column\" data-e-type=\"column\">\n\t\t\t<div class=\"elementor-widget-wrap elementor-element-populated\">\n\t\t\t\t\t\t<div class=\"elementor-element elementor-element-f3a3902 elementor-widget elementor-widget-text-editor\" data-id=\"f3a3902\" data-element_type=\"widget\" data-e-type=\"widget\" data-widget_type=\"text-editor.default\">\n\t\t\t\t<div class=\"elementor-widget-container\">\n\t\t\t\t\t\t\t\t\t<section class=\"elementor-element elementor-element-d8d170b elementor-section-boxed elementor-section-height-default elementor-section-height-default elementor-section elementor-top-section\" data-id=\"d8d170b\" data-element_type=\"section\"><div class=\"elementor-container elementor-column-gap-default\"><div class=\"elementor-row\"><div class=\"elementor-element elementor-element-f6895b6 elementor-column elementor-col-100 elementor-top-column\" data-id=\"f6895b6\" data-element_type=\"column\"><div class=\"elementor-column-wrap elementor-element-populated\"><div class=\"elementor-widget-wrap\"><div class=\"elementor-element elementor-element-70346ca elementor-widget elementor-widget-text-editor\" data-id=\"70346ca\" data-element_type=\"text-editor.default\"><div class=\"elementor-widget-container\"><div class=\"elementor-text-editor elementor-clearfix\"><p style=\"text-align: left;\"><span style=\"color: #000000;\">3S Actuators GmbH was founded in 2007 by the brothers Axel, Steffen and Fabian Sacharowitz. In Berlin, innovative actuator solutions for valves in buried supply networks are developed and manufactured.\u00a0<\/span><\/p><p style=\"text-align: left;\"><span style=\"color: #000000;\">Today supply networks are supposed to be \"intelligent\". When innovative monitoring technologies are signalizing a necessary change in the network, employees are dispatched to operate the valves, just like 100 years ago, manually. From 3S Antriebe GmbH's point of view this is not very \"smart\". 3S Antriebe GmbH aims to enable utilities to operate their supply networks automatically using remote-controlled valve-actuators.\u00a0<\/span><\/p><p style=\"text-align: left;\"><span style=\"color: #000000; text-align: center; background-color: transparent; font-size: 1rem;\">3S valve actuators do not require a cable infrastructure. They can be installed directly in the ground, so that no chambers are required. Since they do not have to be flanged onto the valve, existing valves can be retrofitted without interrupting the supply.\u00a0<\/span><\/p><p style=\"text-align: left;\"><span style=\"color: #000000; text-align: center; background-color: transparent; font-size: 1rem;\">3S actuators are used in many European countries, but also in Russia, China, Singapore, Malaysia and Australia.<\/span><\/p><\/div><\/div><\/div><\/div><\/div><\/div><\/div><\/div><\/section>\t\t\t\t\t\t\t\t<\/div>\n\t\t\t\t<\/div>\n\t\t\t\t\t<\/div>\n\t\t<\/div>\n\t\t\t\t\t<\/div>\n\t\t<\/section>\n\t\t\t\t<section class=\"elementor-section elementor-top-section elementor-element elementor-element-7760142 elementor-section-boxed elementor-section-height-default elementor-section-height-default\" data-id=\"7760142\" data-element_type=\"section\" data-e-type=\"section\">\n\t\t\t\t\t\t<div class=\"elementor-container elementor-column-gap-default\">\n\t\t\t\t\t<div class=\"elementor-column elementor-col-100 elementor-top-column elementor-element elementor-element-15dddae\" data-id=\"15dddae\" data-element_type=\"column\" data-e-type=\"column\">\n\t\t\t<div class=\"elementor-widget-wrap elementor-element-populated\">\n\t\t\t\t\t\t<div class=\"elementor-element elementor-element-0aabb0d elementor-widget elementor-widget-text-editor\" data-id=\"0aabb0d\" data-element_type=\"widget\" data-e-type=\"widget\" data-widget_type=\"text-editor.default\">\n\t\t\t\t<div class=\"elementor-widget-container\">\n\t\t\t\t\t\t\t\t\t<h4 style=\"text-align: center;\"><b>The focus of the development activity and core competencies of 3S Antriebe GmbH are:<\/b><\/h4><div><ul><li style=\"text-align: left;\">Automation of buried fittings, even afterwards<\/li><li style=\"text-align: left;\">Decentralized automation without cable connections<\/li><li style=\"text-align: left;\">Realization of emergency concepts and pipe burst protection e.g. by direct sensor control and mobile communication<\/li><li style=\"text-align: left;\">Condition-based valve maintenance<\/li><\/ul><\/div>\t\t\t\t\t\t\t\t<\/div>\n\t\t\t\t<\/div>\n\t\t\t\t\t<\/div>\n\t\t<\/div>\n\t\t\t\t\t<\/div>\n\t\t<\/section>\n\t\t\t\t<section class=\"elementor-section elementor-top-section elementor-element elementor-element-dd966cf elementor-section-boxed elementor-section-height-default elementor-section-height-default\" data-id=\"dd966cf\" data-element_type=\"section\" data-e-type=\"section\">\n\t\t\t\t\t\t<div class=\"elementor-container elementor-column-gap-default\">\n\t\t\t\t\t<div class=\"elementor-column elementor-col-100 elementor-top-column elementor-element elementor-element-97bad77\" data-id=\"97bad77\" data-element_type=\"column\" data-e-type=\"column\">\n\t\t\t<div class=\"elementor-widget-wrap elementor-element-populated\">\n\t\t\t\t\t\t<div class=\"elementor-element elementor-element-f2e8dd7 elementor-widget elementor-widget-text-editor\" data-id=\"f2e8dd7\" data-element_type=\"widget\" data-e-type=\"widget\" data-widget_type=\"text-editor.default\">\n\t\t\t\t<div class=\"elementor-widget-container\">\n\t\t\t\t\t\t\t\t\t<p><span style=\"text-decoration: underline;\"><b>More information can be found here:<\/b><\/span><\/p><p style=\"text-align: left;\"><a href=\"https:\/\/www.3s-antriebe.de\/en\/produkte-loesungen\/\">Product overview<\/a><\/p><p style=\"text-align: left;\"><a href=\"https:\/\/www.3s-antriebe.de\/en\/ueber-uns\/referenzen-publikationen\/\">References<\/a><\/p><p style=\"text-align: left;\"><a href=\"https:\/\/www.3s-antriebe.de\/en\/news\/\">News<\/a><\/p>\t\t\t\t\t\t\t\t<\/div>\n\t\t\t\t<\/div>\n\t\t\t\t\t<\/div>\n\t\t<\/div>\n\t\t\t\t\t<\/div>\n\t\t<\/section>\n\t\t\t\t<section class=\"elementor-section elementor-top-section elementor-element elementor-element-b111ae8 elementor-section-boxed elementor-section-height-default elementor-section-height-default\" data-id=\"b111ae8\" data-element_type=\"section\" data-e-type=\"section\">\n\t\t\t\t\t\t<div class=\"elementor-container elementor-column-gap-default\">\n\t\t\t\t\t<div class=\"elementor-column elementor-col-100 elementor-top-column elementor-element elementor-element-8997bbb\" data-id=\"8997bbb\" data-element_type=\"column\" data-e-type=\"column\">\n\t\t\t<div class=\"elementor-widget-wrap elementor-element-populated\">\n\t\t\t\t\t\t<div class=\"elementor-element elementor-element-bb782c5 elementor-widget elementor-widget-heading\" data-id=\"bb782c5\" data-element_type=\"widget\" data-e-type=\"widget\" data-widget_type=\"heading.default\">\n\t\t\t\t<div class=\"elementor-widget-container\">\n\t\t\t\t\t<h2 class=\"elementor-heading-title elementor-size-default\">ISO 9001 Zertifikat:<\/h2>\t\t\t\t<\/div>\n\t\t\t\t<\/div>\n\t\t\t\t\t<\/div>\n\t\t<\/div>\n\t\t\t\t\t<\/div>\n\t\t<\/section>\n\t\t\t\t<section class=\"elementor-section elementor-top-section elementor-element elementor-element-0dfd0ec elementor-section-boxed elementor-section-height-default elementor-section-height-default\" data-id=\"0dfd0ec\" data-element_type=\"section\" data-e-type=\"section\">\n\t\t\t\t\t\t<div class=\"elementor-container elementor-column-gap-default\">\n\t\t\t\t\t<div class=\"elementor-column elementor-col-50 elementor-top-column elementor-element elementor-element-80c434d\" data-id=\"80c434d\" data-element_type=\"column\" data-e-type=\"column\">\n\t\t\t<div class=\"elementor-widget-wrap elementor-element-populated\">\n\t\t\t\t\t\t<div class=\"elementor-element elementor-element-209562f elementor-widget elementor-widget-image\" data-id=\"209562f\" data-element_type=\"widget\" data-e-type=\"widget\" data-widget_type=\"image.default\">\n\t\t\t\t<div class=\"elementor-widget-container\">\n\t\t\t\t\t\t\t\t\t\t\t\t\t\t\t<img fetchpriority=\"high\" decoding=\"async\" width=\"724\" height=\"1024\" src=\"https:\/\/www.3s-antriebe.de\/wp-content\/uploads\/2024\/02\/60682ms_de_page-0001-724x1024.jpg\" class=\"attachment-large size-large wp-image-4625\" alt=\"\" srcset=\"https:\/\/www.3s-antriebe.de\/wp-content\/uploads\/2024\/02\/60682ms_de_page-0001-724x1024.jpg 724w, https:\/\/www.3s-antriebe.de\/wp-content\/uploads\/2024\/02\/60682ms_de_page-0001-212x300.jpg 212w, https:\/\/www.3s-antriebe.de\/wp-content\/uploads\/2024\/02\/60682ms_de_page-0001-768x1086.jpg 768w, https:\/\/www.3s-antriebe.de\/wp-content\/uploads\/2024\/02\/60682ms_de_page-0001-1086x1536.jpg 1086w, https:\/\/www.3s-antriebe.de\/wp-content\/uploads\/2024\/02\/60682ms_de_page-0001-1448x2048.jpg 1448w, https:\/\/www.3s-antriebe.de\/wp-content\/uploads\/2024\/02\/60682ms_de_page-0001-8x12.jpg 8w, https:\/\/www.3s-antriebe.de\/wp-content\/uploads\/2024\/02\/60682ms_de_page-0001-600x849.jpg 600w, https:\/\/www.3s-antriebe.de\/wp-content\/uploads\/2024\/02\/60682ms_de_page-0001-scaled.jpg 1810w\" sizes=\"(max-width: 724px) 100vw, 724px\" \/>\t\t\t\t\t\t\t\t\t\t\t\t\t\t\t<\/div>\n\t\t\t\t<\/div>\n\t\t\t\t\t<\/div>\n\t\t<\/div>\n\t\t\t\t<div class=\"elementor-column elementor-col-50 elementor-top-column elementor-element elementor-element-fd54687\" data-id=\"fd54687\" data-element_type=\"column\" data-e-type=\"column\">\n\t\t\t<div class=\"elementor-widget-wrap elementor-element-populated\">\n\t\t\t\t\t\t<div class=\"elementor-element elementor-element-135c0ed elementor-widget elementor-widget-image\" data-id=\"135c0ed\" data-element_type=\"widget\" data-e-type=\"widget\" data-widget_type=\"image.default\">\n\t\t\t\t<div class=\"elementor-widget-container\">\n\t\t\t\t\t\t\t\t\t\t\t\t\t\t\t<img decoding=\"async\" width=\"724\" height=\"1024\" src=\"https:\/\/www.3s-antriebe.de\/wp-content\/uploads\/2024\/02\/60682ms_en_page-0001-724x1024.jpg\" class=\"attachment-large size-large wp-image-4626\" alt=\"\" srcset=\"https:\/\/www.3s-antriebe.de\/wp-content\/uploads\/2024\/02\/60682ms_en_page-0001-724x1024.jpg 724w, https:\/\/www.3s-antriebe.de\/wp-content\/uploads\/2024\/02\/60682ms_en_page-0001-212x300.jpg 212w, https:\/\/www.3s-antriebe.de\/wp-content\/uploads\/2024\/02\/60682ms_en_page-0001-768x1086.jpg 768w, https:\/\/www.3s-antriebe.de\/wp-content\/uploads\/2024\/02\/60682ms_en_page-0001-1086x1536.jpg 1086w, https:\/\/www.3s-antriebe.de\/wp-content\/uploads\/2024\/02\/60682ms_en_page-0001-1448x2048.jpg 1448w, https:\/\/www.3s-antriebe.de\/wp-content\/uploads\/2024\/02\/60682ms_en_page-0001-8x12.jpg 8w, https:\/\/www.3s-antriebe.de\/wp-content\/uploads\/2024\/02\/60682ms_en_page-0001-600x849.jpg 600w, https:\/\/www.3s-antriebe.de\/wp-content\/uploads\/2024\/02\/60682ms_en_page-0001-scaled.jpg 1810w\" sizes=\"(max-width: 724px) 100vw, 724px\" \/>\t\t\t\t\t\t\t\t\t\t\t\t\t\t\t<\/div>\n\t\t\t\t<\/div>\n\t\t\t\t\t<\/div>\n\t\t<\/div>\n\t\t\t\t\t<\/div>\n\t\t<\/section>\n\t\t\t\t<section class=\"elementor-section elementor-top-section elementor-element elementor-element-7d1ea5b elementor-section-boxed elementor-section-height-default elementor-section-height-default\" data-id=\"7d1ea5b\" data-element_type=\"section\" data-e-type=\"section\">\n\t\t\t\t\t\t<div class=\"elementor-container elementor-column-gap-default\">\n\t\t\t\t\t<div class=\"elementor-column elementor-col-50 elementor-top-column elementor-element elementor-element-f38f486\" data-id=\"f38f486\" data-element_type=\"column\" data-e-type=\"column\">\n\t\t\t<div class=\"elementor-widget-wrap elementor-element-populated\">\n\t\t\t\t\t\t<div class=\"elementor-element elementor-element-9730ca0 elementor-widget elementor-widget-text-editor\" data-id=\"9730ca0\" data-element_type=\"widget\" data-e-type=\"widget\" data-widget_type=\"text-editor.default\">\n\t\t\t\t<div class=\"elementor-widget-container\">\n\t\t\t\t\t\t\t\t\t<p style=\"text-align: center;\"><a href=\"https:\/\/www.3s-antriebe.de\/wp-content\/uploads\/2024\/02\/60682ms_de.pdf\">ISO 90001 Zertifikat DE<\/a><\/p>\t\t\t\t\t\t\t\t<\/div>\n\t\t\t\t<\/div>\n\t\t\t\t\t<\/div>\n\t\t<\/div>\n\t\t\t\t<div class=\"elementor-column elementor-col-50 elementor-top-column elementor-element elementor-element-f07d1ae\" data-id=\"f07d1ae\" data-element_type=\"column\" data-e-type=\"column\">\n\t\t\t<div class=\"elementor-widget-wrap elementor-element-populated\">\n\t\t\t\t\t\t<div class=\"elementor-element elementor-element-e2c7c16 elementor-widget elementor-widget-text-editor\" data-id=\"e2c7c16\" data-element_type=\"widget\" data-e-type=\"widget\" data-widget_type=\"text-editor.default\">\n\t\t\t\t<div class=\"elementor-widget-container\">\n\t\t\t\t\t\t\t\t\t<p style=\"text-align: center;\"><a href=\"https:\/\/www.3s-antriebe.de\/wp-content\/uploads\/2024\/02\/60682ms_en.pdf\">ISO 90001 Certificate EN<\/a><\/p>\t\t\t\t\t\t\t\t<\/div>\n\t\t\t\t<\/div>\n\t\t\t\t\t<\/div>\n\t\t<\/div>\n\t\t\t\t\t<\/div>\n\t\t<\/section>\n\t\t\t\t<\/div>","protected":false},"excerpt":{"rendered":"<p class=\"qua-blog-post-description\">\u00dcber uns 3S Antriebe GmbH wurde 2007 von den Br\u00fcdern Axel, Steffen und Fabian Sacharowitz gegr\u00fcndet. Am Standort Berlin werden innovative Antriebsl\u00f6sungen f\u00fcr Armaturen in erdverlegten Versorgungsnetzen entwickelt und gefertigt.\u00a0 Heute sollen Versorgungsnetze \u201eintelligent\u201c sein. Wenn innovative Monitoring-Technologien eine erforderliche Umstellung im Netz signalisieren, werden wie vor 100 Jahren Mitarbeiter entsendet, um Armaturen manuell zu [&hellip;]<\/p>\n","protected":false},"author":1,"featured_media":0,"parent":0,"menu_order":0,"comment_status":"closed","ping_status":"closed","template":"elementor_header_footer","meta":{"ngg_post_thumbnail":0,"footnotes":""},"class_list":["post-800","page","type-page","status-publish","hentry"],"_links":{"self":[{"href":"https:\/\/www.3s-antriebe.de\/en\/wp-json\/wp\/v2\/pages\/800","targetHints":{"allow":["GET"]}}],"collection":[{"href":"https:\/\/www.3s-antriebe.de\/en\/wp-json\/wp\/v2\/pages"}],"about":[{"href":"https:\/\/www.3s-antriebe.de\/en\/wp-json\/wp\/v2\/types\/page"}],"author":[{"embeddable":true,"href":"https:\/\/www.3s-antriebe.de\/en\/wp-json\/wp\/v2\/users\/1"}],"replies":[{"embeddable":true,"href":"https:\/\/www.3s-antriebe.de\/en\/wp-json\/wp\/v2\/comments?post=800"}],"version-history":[{"count":10,"href":"https:\/\/www.3s-antriebe.de\/en\/wp-json\/wp\/v2\/pages\/800\/revisions"}],"predecessor-version":[{"id":4629,"href":"https:\/\/www.3s-antriebe.de\/en\/wp-json\/wp\/v2\/pages\/800\/revisions\/4629"}],"wp:attachment":[{"href":"https:\/\/www.3s-antriebe.de\/en\/wp-json\/wp\/v2\/media?parent=800"}],"curies":[{"name":"wp","href":"https:\/\/api.w.org\/{rel}","templated":true}]}}